{"id":330,"date":"2020-01-21T17:24:56","date_gmt":"2020-01-21T16:24:56","guid":{"rendered":"https:\/\/www.agencekraus.lu\/?page_id=330"},"modified":"2023-04-13T13:38:15","modified_gmt":"2023-04-13T11:38:15","slug":"trouvez-nous","status":"publish","type":"page","link":"https:\/\/www.agencekraus.lu\/index.php\/trouvez-nous\/","title":{"rendered":"Contact"},"content":{"rendered":"\n<p>Vous nous trouverez en face du grand Parking Place Jean Fohrmann \u00e0 votre droite du Supermarch\u00e9 Match \u00e0 Dudelange.<\/p>\n\n\n\n<p><strong>Mail<\/strong><br><a href=\"mailto:km@agence.lalux.lu\">km@agence.lalux.lu<\/a><\/p>\n\n\n\n<p><strong>T\u00e9l\u00e9phone<\/strong><br>+352 514971<\/p>\n\n\n\n<p><strong>Adresse<\/strong><br>68, rue du Commerce<br>L-3450 DUDELANGE<\/p>\n\n\n\n<p><strong>Heures d\u2019ouverture<\/strong><br>Du lundi au vendredi : 8h30-12h00&nbsp; &nbsp;13h30-17h00<br>Les samedi et dimanche :&nbsp;<strong>Ferm\u00e9<\/strong><\/p>\n\n\n\n<figure class=\"wp-block-image size-full\"><img loading=\"lazy\" decoding=\"async\" width=\"720\" height=\"466\" src=\"https:\/\/www.agencekraus.lu\/wp-content\/uploads\/2023\/04\/Capture-web_13-4-2023_111959_www.google.lu_.jpeg\" alt=\"\" class=\"wp-image-500\" srcset=\"https:\/\/www.agencekraus.lu\/wp-content\/uploads\/2023\/04\/Capture-web_13-4-2023_111959_www.google.lu_.jpeg 720w, https:\/\/www.agencekraus.lu\/wp-content\/uploads\/2023\/04\/Capture-web_13-4-2023_111959_www.google.lu_-300x194.jpeg 300w\" sizes=\"auto, (max-width: 720px) 100vw, 720px\" \/><\/figure>\n\n\n\n<figure class=\"wp-block-image size-large\"><img loading=\"lazy\" decoding=\"async\" width=\"1024\" height=\"534\" src=\"https:\/\/www.agencekraus.lu\/wp-content\/uploads\/2020\/01\/a-propos-de-nous_img-1024x534.jpg\" alt=\"\" class=\"wp-image-187\" srcset=\"https:\/\/www.agencekraus.lu\/wp-content\/uploads\/2020\/01\/a-propos-de-nous_img-1024x534.jpg 1024w, https:\/\/www.agencekraus.lu\/wp-content\/uploads\/2020\/01\/a-propos-de-nous_img-300x157.jpg 300w, https:\/\/www.agencekraus.lu\/wp-content\/uploads\/2020\/01\/a-propos-de-nous_img-768x401.jpg 768w, https:\/\/www.agencekraus.lu\/wp-content\/uploads\/2020\/01\/a-propos-de-nous_img.jpg 1150w\" sizes=\"auto, (max-width: 767px) 89vw, (max-width: 1000px) 54vw, (max-width: 1071px) 543px, 580px\" \/><\/figure>\n","protected":false},"excerpt":{"rendered":"<p>68, rue du commerce<br \/>\nL-3450 Dudelange<br \/>\nTel: +352 51 49 71<\/p>\n","protected":false},"author":1,"featured_media":0,"parent":0,"menu_order":0,"comment_status":"closed","ping_status":"closed","template":"","meta":{"footnotes":""},"class_list":["post-330","page","type-page","status-publish","hentry"],"_links":{"self":[{"href":"https:\/\/www.agencekraus.lu\/index.php\/wp-json\/wp\/v2\/pages\/330","targetHints":{"allow":["GET"]}}],"collection":[{"href":"https:\/\/www.agencekraus.lu\/index.php\/wp-json\/wp\/v2\/pages"}],"about":[{"href":"https:\/\/www.agencekraus.lu\/index.php\/wp-json\/wp\/v2\/types\/page"}],"author":[{"embeddable":true,"href":"https:\/\/www.agencekraus.lu\/index.php\/wp-json\/wp\/v2\/users\/1"}],"replies":[{"embeddable":true,"href":"https:\/\/www.agencekraus.lu\/index.php\/wp-json\/wp\/v2\/comments?post=330"}],"version-history":[{"count":17,"href":"https:\/\/www.agencekraus.lu\/index.php\/wp-json\/wp\/v2\/pages\/330\/revisions"}],"predecessor-version":[{"id":541,"href":"https:\/\/www.agencekraus.lu\/index.php\/wp-json\/wp\/v2\/pages\/330\/revisions\/541"}],"wp:attachment":[{"href":"https:\/\/www.agencekraus.lu\/index.php\/wp-json\/wp\/v2\/media?parent=330"}],"curies":[{"name":"wp","href":"https:\/\/api.w.org\/{rel}","templated":true}]}}