{"id":310,"date":"2020-01-21T15:34:26","date_gmt":"2020-01-21T14:34:26","guid":{"rendered":"https:\/\/www.agencekraus.lu\/?page_id=310"},"modified":"2023-04-13T13:59:30","modified_gmt":"2023-04-13T11:59:30","slug":"a-propos-de-nous","status":"publish","type":"page","link":"https:\/\/www.agencekraus.lu\/index.php\/a-propos-de-nous\/","title":{"rendered":"A propos de nous"},"content":{"rendered":"\n<p>Depuis 1980 l\u2019agence KRAUS situ\u00e9e \u00e0 Dudelange vous conseille en assurances. En s\u2019associant \u00e0 Alan Meneses (plus de 20 ans d\u2019exp\u00e9rience dans le secteur bancaire) le 1er mai 2021, Yves KRAUS et Alan MENESES ont cr\u00e9\u00e9 l\u2019agence KRAUS-MENESES. L\u2019agence c\u2019est agrandi avec l\u2019arriv\u00e9 de Fiona Leifgen et Yasmine Heinerscheid qui compl\u00e8tent l\u2019\u00e9quipe avec Sophie Rausch afin de vous offrir un service rapide et efficace. Les deux experts, et toute l\u2019\u00e9quipe de l\u2019agence, vous accompagnent et r\u00e9pondent \u00e0 tous vos besoins.<\/p>\n\n\n\n<figure class=\"wp-block-image size-large is-style-rounded\"><img loading=\"lazy\" decoding=\"async\" width=\"762\" height=\"1024\" src=\"https:\/\/www.agencekraus.lu\/wp-content\/uploads\/2023\/02\/maltaaaaahassy-46-of-46-1-762x1024.jpg\" alt=\"\" class=\"wp-image-455\" srcset=\"https:\/\/www.agencekraus.lu\/wp-content\/uploads\/2023\/02\/maltaaaaahassy-46-of-46-1-762x1024.jpg 762w, https:\/\/www.agencekraus.lu\/wp-content\/uploads\/2023\/02\/maltaaaaahassy-46-of-46-1-223x300.jpg 223w, https:\/\/www.agencekraus.lu\/wp-content\/uploads\/2023\/02\/maltaaaaahassy-46-of-46-1-768x1032.jpg 768w, https:\/\/www.agencekraus.lu\/wp-content\/uploads\/2023\/02\/maltaaaaahassy-46-of-46-1-1143x1536.jpg 1143w, https:\/\/www.agencekraus.lu\/wp-content\/uploads\/2023\/02\/maltaaaaahassy-46-of-46-1-1200x1612.jpg 1200w, https:\/\/www.agencekraus.lu\/wp-content\/uploads\/2023\/02\/maltaaaaahassy-46-of-46-1.jpg 1429w\" sizes=\"auto, (max-width: 706px) 89vw, (max-width: 767px) 82vw, 740px\" \/><\/figure>\n","protected":false},"excerpt":{"rendered":"<h3>\u00c0 propos de nous<\/h3>\n<p>Avec une exp\u00e9rience depuis 1980 l&rsquo;agence Kraus &#038; Meneses situ\u00e9e \u00e0 Dudelange vous conseille en assurances .Depuis le 1er mai 2021, nous nous sommes agrandis avec l&rsquo;arriv\u00e9e d&rsquo;Alan MENESES et ses plus de 20 ans d&rsquo;exp\u00e9riences dans le secteur bancaire. Les deux experts vous accompagnent et r\u00e9pondent \u00e0 tous vos besoins.<\/p>\n<div class=\"wp-block-button aligncenter\"><a class=\"wp-block-button__link\" href=\"https:\/\/www.agencekraus.lu\/index.php\/contact\/\">Contactez-nous<\/a><\/div>\n","protected":false},"author":1,"featured_media":0,"parent":0,"menu_order":0,"comment_status":"closed","ping_status":"closed","template":"","meta":{"footnotes":""},"class_list":["post-310","page","type-page","status-publish","hentry"],"_links":{"self":[{"href":"https:\/\/www.agencekraus.lu\/index.php\/wp-json\/wp\/v2\/pages\/310","targetHints":{"allow":["GET"]}}],"collection":[{"href":"https:\/\/www.agencekraus.lu\/index.php\/wp-json\/wp\/v2\/pages"}],"about":[{"href":"https:\/\/www.agencekraus.lu\/index.php\/wp-json\/wp\/v2\/types\/page"}],"author":[{"embeddable":true,"href":"https:\/\/www.agencekraus.lu\/index.php\/wp-json\/wp\/v2\/users\/1"}],"replies":[{"embeddable":true,"href":"https:\/\/www.agencekraus.lu\/index.php\/wp-json\/wp\/v2\/comments?post=310"}],"version-history":[{"count":14,"href":"https:\/\/www.agencekraus.lu\/index.php\/wp-json\/wp\/v2\/pages\/310\/revisions"}],"predecessor-version":[{"id":547,"href":"https:\/\/www.agencekraus.lu\/index.php\/wp-json\/wp\/v2\/pages\/310\/revisions\/547"}],"wp:attachment":[{"href":"https:\/\/www.agencekraus.lu\/index.php\/wp-json\/wp\/v2\/media?parent=310"}],"curies":[{"name":"wp","href":"https:\/\/api.w.org\/{rel}","templated":true}]}}